{"id":25494,"date":"2018-06-15T22:44:07","date_gmt":"2018-06-15T20:44:07","guid":{"rendered":"http:\/\/test64.vaguebasque.fr\/?page_id=25494"},"modified":"2018-06-15T23:46:30","modified_gmt":"2018-06-15T21:46:30","slug":"mentions-legales","status":"publish","type":"page","link":"https:\/\/www.vaguebasque.fr\/index.php\/mentions-legales\/","title":{"rendered":"Mentions l\u00e9gales"},"content":{"rendered":"<div class=\"wpb-content-wrapper\"><p>[vc_row css=\u00a0\u00bb.vc_custom_1529099143220{background-color: #212331 !important;}\u00a0\u00bb][vc_column width=\u00a0\u00bb1\/6&Prime;][\/vc_column][vc_column width=\u00a0\u00bb2\/3&Prime; css=\u00a0\u00bb.vc_custom_1529099153965{background-color: #ffffff !important;}\u00a0\u00bb][vc_column_text]<\/p>\n<h1>Mentions l\u00e9gales<\/h1>\n<p>Vous \u00eates actuellement connect\u00e9 sur le site web http:\/\/www.vaguebasque.fr<\/p>\n<div>Cette espace a \u00e9t\u00e9 mis en place par l&rsquo;\u00e9diteur \u00e0 la destination de ses clients.<\/div>\n<h2>I : Information \u00e9diteur :<\/h2>\n<div>Nom commercial : <b>La Vague Basque<\/b><\/div>\n<div>Adresse si\u00e9ge social :\u00a0<b>Plage de la c\u00f4te des Basques &#8211; Boulevard du prince de galles &#8211; \u00e9tablissement des bains &#8211; 64200 Biarritz &#8211; France<\/b><\/div>\n<div>Forme Sociale :<b>\u00a0<\/b><\/div>\n<div>D\u00e9nomination sociale :\u00a0<b>La Vague Basque<\/b><\/div>\n<div>Enregistrement R.C.S. :<\/div>\n<div>N\u00b0 T.V.A. Intracomm. :<\/div>\n<div>Directeur de la publication et responsable de la r\u00e9daction : David Qu\u00e9rol<\/div>\n<div>\n<div>Port : <b>+33(0)662 761 732<\/b><\/div>\n<div>E-mail : <b>vaguebasque@yahoo.fr<\/b><\/div>\n<div><\/div>\n<\/div>\n<h2>II : Protection des donn\u00e9es \u00e0 caract\u00e8re personnel<\/h2>\n<div>Conform\u00e9ment aux dispositions de la loi 78-17 du 6 janvier 1978, relative \u00e0 l&rsquo;informatique, aux fichiers, et aux libert\u00e9s, les agents et usagers dont des donn\u00e9es personnelles sont trait\u00e9es sur ce site disposent des droits suivants aux informations les concernant:<\/div>\n<div><\/div>\n<div>1. droit d&rsquo;acc\u00e8s (art. 34 \u00e0 38),<\/div>\n<div>2. droit de rectification (art. 36),<\/div>\n<div>3. droit d&rsquo;opposition sur certaines mentions (art. 26),<\/div>\n<div>Ces droits peuvent s&rsquo;exercer en ligne ou par voie postale aupr\u00e8s de l&rsquo;\u00e9diteur.<\/div>\n<div><\/div>\n<div>Lorsque des donn\u00e9es pr\u00e9sentes sur ce site ont un caract\u00e8re nominatif, les utilisateurs doivent en faire un usage conforme aux r\u00e9glementations en vigueur et aux recommandations de la Commission nationale de l&rsquo;informatique et des libert\u00e9s (CNIL).<\/div>\n<div>Les informations utilis\u00e9es ne doivent l&rsquo;\u00eatre qu&rsquo;\u00e0 des fins personnelles, associatives ou professionnelles, toute diffusion ou utilisation \u00e0 des fins commerciales ou publicitaires \u00e9tant exclues.<\/div>\n<h2>III : Utilisation des Cookies<\/h2>\n<div>Les \u00ab\u00a0cookies\u00a0\u00bb sont des petits fichiers informatiques envoy\u00e9s par un site \u00e0 votre navigateur. Ils sont stock\u00e9s sur votre ordinateur et utilis\u00e9s par votre navigateur Internet.<\/div>\n<div><\/div>\n<div>Ce site extranet utilise un dispositif de \u00ab\u00a0cookies\u00a0\u00bb qui permet d&rsquo;identifier un utilisateur authentifi\u00e9 lors de son parcours \u00e0 travers les pages du site pendant un temps donn\u00e9. Les informations contenues dans ces fichiers \u00ab\u00a0cookies\u00a0\u00bb sont crypt\u00e9es et ne contiennent pas d&rsquo;informations personnelles<\/div>\n<div><\/div>\n<div>La connexion et la navigation dans certaines zones du site seront impossibles si l&rsquo;installation des cookies est refus\u00e9e.<\/div>\n<h2>IV : Trace de connexion<\/h2>\n<div>Lors de tout acc\u00e8s au site extranet, les informations \u00e9lectroniques usuelles sont collect\u00e9es: l&rsquo;origine g\u00e9ographique des visites (adresses IP et DNS), la date et l&rsquo;heure de la connexion.<\/div>\n<div>Ces donn\u00e9es de connexion sont conserv\u00e9es par l&rsquo;administrateur du site aux fins de protection contre les intrusions et de preuve si n\u00e9cessaire, elles permettent \u00e9galement des traitements statistiques destin\u00e9s \u00e0 la gestion du site.<\/div>\n<h2>V : Administration et h\u00e9bergement du site<\/h2>\n<div>Nom commercial : <b>La Vague Basque<\/b><\/div>\n<div>Adresse si\u00e9ge social :\u00a0<b>Plage de la c\u00f4te des Basques &#8211; Boulevard du prince de galles &#8211; \u00e9tablissement des bains &#8211; 64200 Biarritz &#8211; France<\/b><\/div>\n<div>D\u00e9nomination sociale :\u00a0<b>La Vague Basque<\/b><\/div>\n<div><\/div>\n<div>\n<div>Port : <b>+33(0)662 761 732<\/b><\/div>\n<div>E-mail : <b>vaguebasque@yahoo.fr<\/b><\/div>\n<\/div>\n<p>&nbsp;<\/p>\n<h2>VI : Droit de reproduction et propri\u00e9t\u00e9 intellectuelle<\/h2>\n<div>Les informations pr\u00e9sentes sur le site extranet sont r\u00e9serv\u00e9es aux clients authentifi\u00e9s et ne peuvent \u00eatre utilis\u00e9es qu&rsquo;\u00e0 des fins personnelles, associatives ou professionnelles, toute diffusion \u00e0 des fins commerciales ou publicitaires \u00e9tant exclue.<\/div>\n<div><\/div>\n<div>Les marques ainsi que les logos figurant sur le site sont des marques d\u00e9pos\u00e9es.<\/div>\n<div>Toute reproduction ou repr\u00e9sentation totale ou partielle de ces marques ou de ces logos, seuls ou int\u00e9gr\u00e9s \u00e0 d\u2019autres \u00e9l\u00e9ments, sans l&rsquo;autorisation expresse et pr\u00e9alable de leur propri\u00e9taire est prohib\u00e9e, et engagerait la responsabilit\u00e9 de l\u2019utilisateur au sens des articles L 713-2 et L 713-3 du Code de la Propri\u00e9t\u00e9 Intellectuelle.<\/div>\n<div><\/div>\n<div>Les photographies et images utilis\u00e9es sur le site sont soumises au copyright de leurs propri\u00e9taires respectifs.<\/div>\n<div><\/div>\n<div>Certains liens hypertextes pr\u00e9sents sur le site vous dirigent vers des sites \u00e9dit\u00e9s par des tiers. L&rsquo;existence d&rsquo;un lien du pr\u00e9sent site vers d&rsquo;autres sites ne constitue pas une validation par l&rsquo;\u00e9diteur de ces sites ou de leur contenu. Il appartient \u00e0 l&rsquo;internaute d&rsquo;utiliser les informations contenues dans ces sites avec discernement et esprit critique. L&rsquo;\u00e9diteur ne pourra \u00eatre tenu responsable \u00e0 raison du contenu de ces sites ou \u00e0 raison de leur r\u00e9f\u00e9rencement. Il ne pourra pas plus \u00eatre tenu pour responsable d&rsquo;un d\u00e9faut d&rsquo;acc\u00e8s ou de fonctionnement de ces sites, leur acc\u00e8s technique comme leur bon fonctionnement n&rsquo;\u00e9tant pas garantis.<\/div>\n<div><\/div>\n<div><u>La cr\u00e9ation d&rsquo;un lien hypertexte vers une des pages du site :<\/u><\/div>\n<div>Est autoris\u00e9e uniquement dans le cas o\u00f9 elle se fait sans frame, iframe ou toute autre technologie \u00ab\u00a0encapsulante\u00a0\u00bb.<\/div>\n<div>Le non respect des dispositions ci-dessus est susceptible de constituer une contrefa\u00e7on engageant la responsabilit\u00e9 civile ou p\u00e9nale de l&rsquo;auteur de la contrefa\u00e7on.<\/div>\n<div><\/div>\n<div><u>Loi applicable :<\/u><\/div>\n<div>Le contenu du pr\u00e9sent site est soumis au droit fran\u00e7ais. L&rsquo;\u00e9diteur se r\u00e9serve le droit \u00e0 tout moment d&rsquo;en modifier tout ou partie du contenu.<\/div>\n<div><\/div>\n<div>Tout litige concernant son contenu comme son utilisation et les recours susceptibles d&rsquo;en d\u00e9couler est soumis \u00e0 la comp\u00e9tence exclusive des tribunaux fran\u00e7ais.<\/div>\n<p>[\/vc_column_text][\/vc_column][vc_column width=\u00a0\u00bb1\/6&Prime;][\/vc_column][\/vc_row]<\/p>\n<\/div>","protected":false},"excerpt":{"rendered":"<p>[vc_row css=\u00a0\u00bb.vc_custom_1529099143220{background-color: #212331 !important;}\u00a0\u00bb][vc_column width=\u00a0\u00bb1\/6&Prime;][\/vc_column][vc_column width=\u00a0\u00bb2\/3&Prime; css=\u00a0\u00bb.vc_custom_1529099153965{background-color: #ffffff !important;}\u00a0\u00bb][vc_column_text] Mentions l\u00e9gales Vous \u00eates actuellement connect\u00e9 sur le site web http:\/\/www.vaguebasque.fr&#8230;<\/p>\n","protected":false},"author":1,"featured_media":0,"parent":0,"menu_order":0,"comment_status":"closed","ping_status":"closed","template":"","meta":{"footnotes":""},"class_list":["post-25494","page","type-page","status-publish"],"_links":{"self":[{"href":"https:\/\/www.vaguebasque.fr\/index.php\/wp-json\/wp\/v2\/pages\/25494","targetHints":{"allow":["GET"]}}],"collection":[{"href":"https:\/\/www.vaguebasque.fr\/index.php\/wp-json\/wp\/v2\/pages"}],"about":[{"href":"https:\/\/www.vaguebasque.fr\/index.php\/wp-json\/wp\/v2\/types\/page"}],"author":[{"embeddable":true,"href":"https:\/\/www.vaguebasque.fr\/index.php\/wp-json\/wp\/v2\/users\/1"}],"replies":[{"embeddable":true,"href":"https:\/\/www.vaguebasque.fr\/index.php\/wp-json\/wp\/v2\/comments?post=25494"}],"version-history":[{"count":0,"href":"https:\/\/www.vaguebasque.fr\/index.php\/wp-json\/wp\/v2\/pages\/25494\/revisions"}],"wp:attachment":[{"href":"https:\/\/www.vaguebasque.fr\/index.php\/wp-json\/wp\/v2\/media?parent=25494"}],"curies":[{"name":"wp","href":"https:\/\/api.w.org\/{rel}","templated":true}]}}