{"id":29166,"date":"2025-05-19T09:02:43","date_gmt":"2025-05-19T07:02:43","guid":{"rendered":"https:\/\/www.vaguebasque.fr\/?page_id=29166"},"modified":"2025-05-19T14:26:33","modified_gmt":"2025-05-19T12:26:33","slug":"stages-de-surf-vb","status":"publish","type":"page","link":"https:\/\/www.vaguebasque.fr\/index.php\/stages-de-surf-vb\/","title":{"rendered":"Stages de surf VB"},"content":{"rendered":"<div class=\"wpb-content-wrapper\"><p>[vc_row css=\u00a0\u00bb.vc_custom_1529099247810{background-color: #212331 !important;}\u00a0\u00bb][vc_column width=\u00a0\u00bb1\/6&Prime;][\/vc_column][vc_column width=\u00a0\u00bb2\/3&Prime; css=\u00a0\u00bb.vc_custom_1529099256841{background-color: #ffffff !important;}\u00a0\u00bb][vc_column_text]<\/p>\n<h1><\/h1>\n<h2><\/h2>\n<p><em>Vous \u00eates ici &gt; <a href=\"http:\/\/www.vaguebasque.fr\">Accueil<\/a> &gt; <a href=\"https:\/\/www.vaguebasque.fr\/index.php\/surfer-vague-basque-2\/\">Surfer \u00e0 Biarritz<\/a> &gt; Stages de surf<br \/>\n<a href=\"https:\/\/www.vaguebasque.fr\/index.php\/surfer-vague-basque-2\/\">D\u00e9couvrez aussi nos cours de surf &#8211; en cliquant ici<\/a><br \/>\n<\/em><\/p>\n<h2>Stage de surf \u2013 3 jours<\/h2>\n<p class=\"\" data-start=\"238\" data-end=\"646\">Envie de d\u00e9couvrir les sensations du surf ? Le <strong data-start=\"304\" data-end=\"329\">stage de surf 3 jours<\/strong> est id\u00e9al pour une premi\u00e8re immersion dans l\u2019univers de la glisse. Ce stage s\u2019adresse \u00e0 tous les niveaux. Pendant trois jours, vous b\u00e9n\u00e9ficiez d\u2019un encadrement personnalis\u00e9 avec un moniteur de surf dipl\u00f4m\u00e9 qui vous accompagne pas \u00e0 pas.<\/p>\n<p class=\"\" data-start=\"648\" data-end=\"1031\">Chaque s\u00e9ance de 1h30 vous permettra d\u2019aborder les bases techniques, de comprendre les conditions de mer et d\u2019apprendre \u00e0 vous lever sur la planche. Le mat\u00e9riel est enti\u00e8rement fourni (planche adapt\u00e9e \u00e0 votre niveau et combinaison en n\u00e9opr\u00e8ne). Ce <strong data-start=\"896\" data-end=\"913\">stage de surf<\/strong> est parfait pour tester les vagues de la mythique plage de la C\u00f4te des Basques \u00e0 Biarritz.<\/p>\n<p data-start=\"648\" data-end=\"1031\"><a href=\"https:\/\/www.vaguebasque.fr\/index.php\/produit\/mini-stage\/\">Cliquez ici pour r\u00e9server votre stage de surf 3 jours<\/a><\/p>\n<h2><strong data-start=\"1045\" data-end=\"1072\">Stage de surf \u2013 5 jours<\/strong><\/h2>\n<p class=\"\" data-start=\"1074\" data-end=\"1381\">Le <strong data-start=\"1077\" data-end=\"1102\">stage de surf 5 jours<\/strong> est une formule con\u00e7ue pour une progression continue et efficace. Vous participez chaque jour \u00e0 une session encadr\u00e9e de 1h30.<\/p>\n<p class=\"\" data-start=\"1383\" data-end=\"1674\">Au fil des jours, vous am\u00e9liorez votre positionnement sur la planche, votre \u00e9quilibre, et apprenez \u00e0 lire les vagues pour gagner en autonomie. Les moniteurs surf, tous dipl\u00f4m\u00e9s, adaptent leur p\u00e9dagogie en fonction du niveau du groupe, garantissant un apprentissage \u00e0 la fois s\u00e9curis\u00e9 et motivant.<\/p>\n<p class=\"\" data-start=\"1676\" data-end=\"1918\">Avec ce <strong data-start=\"1684\" data-end=\"1701\">stage de surf<\/strong>, vous b\u00e9n\u00e9ficiez d\u2019un cadre exceptionnel, de mat\u00e9riel de qualit\u00e9, et d\u2019un accompagnement professionnel. C\u2019est la formule parfaite pour progresser rapidement tout en profitant de l\u2019ambiance de la C\u00f4te basque.<\/p>\n<p data-start=\"1676\" data-end=\"1918\"><a href=\"https:\/\/www.vaguebasque.fr\/index.php\/produit\/stage-initiation-perfectionnement\/\">Cliquez ici pour r\u00e9server votre stage de surf 5 jours<\/a><\/p>\n<h2><strong data-start=\"1931\" data-end=\"1967\">Stage de surf intensif (si disponibilit\u00e9)<\/strong><\/h2>\n<p class=\"\" data-start=\"1969\" data-end=\"2228\">Le <strong data-start=\"1972\" data-end=\"1998\">stage de surf intensif<\/strong> s\u2019adresse aux passionn\u00e9s de glisse ou \u00e0 ceux qui souhaitent progresser rapidement. Cette formule comprend deux sessions de surf par jour (matin et apr\u00e8s-midi), soit 15 heures de pratique sur 5 jours.<\/p>\n<p class=\"\" data-start=\"2230\" data-end=\"2529\">Gr\u00e2ce \u00e0 ce rythme intensif, vous travaillez votre technique en profondeur : man\u0153uvres, positionnement, prise de vague, et lecture du spot. Le mat\u00e9riel est bien s\u00fbr inclus, tout comme l\u2019assurance.<\/p>\n<p class=\"\" data-start=\"2531\" data-end=\"2842\">Ce <strong data-start=\"2534\" data-end=\"2560\">stage de surf intensif<\/strong> est propos\u00e9 sous r\u00e9serve de disponibilit\u00e9. Si vous cherchez un v\u00e9ritable stage de surf, cette formule est faite pour vous.<\/p>\n<p data-start=\"2531\" data-end=\"2842\"><a href=\"https:\/\/www.vaguebasque.fr\/index.php\/produit\/stage-intensif\/\">Cliquez ici pour r\u00e9server votre stage de surf intensif<\/a><\/p>\n<h2><strong data-start=\"2856\" data-end=\"2912\">Stage de surf enfant \u2013 Jardin des vagues (5 \u00e0 9 ans)<\/strong><\/h2>\n<p class=\"\" data-start=\"2914\" data-end=\"3219\">La Vague Basque propose aussi un <strong data-start=\"2966\" data-end=\"2996\">stage de surf pour enfants<\/strong> sp\u00e9cialement con\u00e7u pour les 5 \u00e0 9 ans. Le \u00ab\u00a0Jardin des vagues\u00a0\u00bb est un stage de 5 jours pour les enfants dans un cadre ludique. Chaque s\u00e9ance dure 1h, uniquement en juillet et en ao\u00fbt.<\/p>\n<p class=\"\" data-start=\"3221\" data-end=\"3565\">Les cours sont encadr\u00e9s par des moniteurs de surf. L\u2019objectif est de faire d\u00e9couvrir l\u2019environnement marin, de d\u00e9velopper l\u2019\u00e9quilibre et la coordination, tout en s\u2019amusant dans les vagues. Le mat\u00e9riel est bien s\u00fbr adapt\u00e9 \u00e0 la taille des plus petits, avec planches en mousse et combinaisons.<\/p>\n<p class=\"\" data-start=\"3567\" data-end=\"3812\">Ce <strong data-start=\"3570\" data-end=\"3594\">stage de surf enfant<\/strong> est une belle approche du surf, dans une ambiance agr\u00e9able.<\/p>\n<p data-start=\"3567\" data-end=\"3812\"><a href=\"https:\/\/www.vaguebasque.fr\/index.php\/produit\/stage-jardin-des-vagues\/\">Cliquez ici pour r\u00e9server un stage jardin de vague<\/a><\/p>\n<p data-start=\"3567\" data-end=\"3812\"><a href=\"https:\/\/www.vaguebasque.fr\/index.php\/surfer-vague-basque-2\/\">D\u00e9couvrez aussi nos cours de surf &#8211; en cliquant ici<\/a><\/p>\n<p>[\/vc_column_text][\/vc_column][vc_column width=\u00a0\u00bb1\/6&Prime;][\/vc_column][\/vc_row]<\/p>\n<\/div>","protected":false},"excerpt":{"rendered":"<p>[vc_row css=\u00a0\u00bb.vc_custom_1529099247810{background-color: #212331 !important;}\u00a0\u00bb][vc_column width=\u00a0\u00bb1\/6&Prime;][\/vc_column][vc_column width=\u00a0\u00bb2\/3&Prime; css=\u00a0\u00bb.vc_custom_1529099256841{background-color: #ffffff !important;}\u00a0\u00bb][vc_column_text] Vous \u00eates ici &gt; Accueil &gt; Surfer \u00e0 Biarritz &gt; Stages&#8230;<\/p>\n","protected":false},"author":1,"featured_media":0,"parent":0,"menu_order":0,"comment_status":"closed","ping_status":"closed","template":"","meta":{"footnotes":""},"class_list":["post-29166","page","type-page","status-publish"],"_links":{"self":[{"href":"https:\/\/www.vaguebasque.fr\/index.php\/wp-json\/wp\/v2\/pages\/29166","targetHints":{"allow":["GET"]}}],"collection":[{"href":"https:\/\/www.vaguebasque.fr\/index.php\/wp-json\/wp\/v2\/pages"}],"about":[{"href":"https:\/\/www.vaguebasque.fr\/index.php\/wp-json\/wp\/v2\/types\/page"}],"author":[{"embeddable":true,"href":"https:\/\/www.vaguebasque.fr\/index.php\/wp-json\/wp\/v2\/users\/1"}],"replies":[{"embeddable":true,"href":"https:\/\/www.vaguebasque.fr\/index.php\/wp-json\/wp\/v2\/comments?post=29166"}],"version-history":[{"count":0,"href":"https:\/\/www.vaguebasque.fr\/index.php\/wp-json\/wp\/v2\/pages\/29166\/revisions"}],"wp:attachment":[{"href":"https:\/\/www.vaguebasque.fr\/index.php\/wp-json\/wp\/v2\/media?parent=29166"}],"curies":[{"name":"wp","href":"https:\/\/api.w.org\/{rel}","templated":true}]}}